{"id":463,"date":"2015-07-01T04:11:10","date_gmt":"2015-07-01T04:11:10","guid":{"rendered":"http:\/\/demo.vegatheme.com\/oreades\/?page_id=463"},"modified":"2025-09-29T18:13:28","modified_gmt":"2025-09-29T16:13:28","slug":"home-video-border-light","status":"publish","type":"page","link":"https:\/\/historie.vcrp.de\/","title":{"rendered":"Startseite"},"content":{"rendered":"<div class=\"wpb-content-wrapper\"><p>[vc_row extra_id=&#8221;begruessung&#8221; overlay=&#8221;no&#8221; css=&#8221;.vc_custom_1597660413790{padding-top: 120px !important;padding-bottom: 120px !important;background-color: #f2f4f6 !important;}&#8221;][vc_column width=&#8221;1\/2&#8243; wap_class=&#8221;section-title&#8221; column_effect=&#8221;bottommove&#8221;][vc_column_text css=&#8221;&#8221;]<\/p>\n<p data-start=\"82\" data-end=\"360\">Seit \u00fcber 25 Jahren steht der VCRP f\u00fcr Service und Support, Weiterbildung, Vernetzung sowie f\u00fcr Innovationsentwicklung und Forschung im Bereich digitaler Hochschullehre. Damit ist er eine der erfahrensten hochschul\u00fcbergreifenden Einrichtungen in Deutschland auf diesem Gebiet.<\/p>\n<p data-start=\"362\" data-end=\"676\">Der VCRP kann auf zahlreiche erfolgreiche Entwicklungs- und Forschungsprojekte zur\u00fcckblicken, die gemeinsam mit den Hochschulen in Rheinland-Pfalz umgesetzt wurden. Ebenso pr\u00e4gend sind die stark nachgefragten Angebote der VCRP E-Cademy sowie die beeindruckenden Nutzungszahlen zentraler Bildungssoftwarel\u00f6sungen.<\/p>\n<p data-start=\"678\" data-end=\"913\">Mit unserem landesweiten Learning Management System OpenOlat haben wir eine stabile und kontinuierlich wachsende Nutzerbasis etabliert. Auch unsere Videoplattform wird intensiv genutzt und unterst\u00fctzt digitale Lehrformate nachhaltig.<\/p>\n<p data-start=\"915\" data-end=\"1272\">Der Erfolg des VCRP basiert auf dem Engagement zahlreicher Mitarbeiterinnen und Mitarbeiter sowie der engen Zusammenarbeit mit den E-Learning-Supporteinrichtungen der Hochschulen. Durch die Unterst\u00fctzung aus Hochschulen und Ministerien konnte sich der Virtuelle Campus Rheinland-Pfalz zu einer zentralen Institution f\u00fcr digitale Hochschullehre entwickeln.<\/p>\n<p data-start=\"1274\" data-end=\"1512\">Seit seiner Gr\u00fcndung hat sich der VCRP als wissenschaftliche Support- und Netzwerkeinrichtung sowie als Kompetenzzentrum f\u00fcr digitale Hochschulbildung etabliert \u2013 nicht nur in Rheinland-Pfalz, sondern auch \u00fcber die Landesgrenzen hinaus.<\/p>\n<p data-start=\"1514\" data-end=\"1656\">Damit leistet der VCRP einen wichtigen Beitrag zur digitalen Transformation und Weiterentwicklung der Hochschullehre \u2013 heute und in Zukunft.<\/p>\n<p data-start=\"1658\" data-end=\"1677\"><strong data-start=\"1658\" data-end=\"1675\">Ihr VCRP-Team<\/strong><\/p>\n<p>[\/vc_column_text][\/vc_column][vc_column width=&#8221;1\/2&#8243;][vc_column_text css=&#8221;&#8221;]<iframe style=\"width: 100%; height: auto; aspect-ratio: 16 \/ 9;\" data-src=\"https:\/\/video.vcrp.de\/Panopto\/Pages\/Embed.aspx?id=863a426d-8602-485b-a075-b29700bfab09&amp;autoplay=false&amp;offerviewer=true&amp;showtitle=false&amp;showbrand=false&amp;captions=false&amp;interactivity=all\" allowfullscreen=\"allowfullscreen\" src=\"data:image\/svg+xml;base64,PHN2ZyB3aWR0aD0iMSIgaGVpZ2h0PSIxIiB4bWxucz0iaHR0cDovL3d3dy53My5vcmcvMjAwMC9zdmciPjwvc3ZnPg==\" class=\"lazyload\" data-load-mode=\"1\"><\/iframe>[\/vc_column_text][vc_message message_box_color=&#8221;white&#8221;]Der VCRP hat sich seit seiner Gr\u00fcndung als gemeinsame wissenschaftliche Support- und Netzwerkeinrichtung als auch als Kompetenzzentrum f\u00fcr digitale Hochschullehre in Rheinland-Pfalz und \u00fcber die Landesgrenzen hinaus etabliert.<\/p>\n<p>Damit stellt er ein Standortfaktor dar, der in erheblichem Ma\u00dfe zur Bew\u00e4ltigung der aktuellen Coronakrise als auch zur zuk\u00fcnftigen Gestaltung der digitalen Transformation und Innovation im Hochschulbereich beizutragen vermag.[\/vc_message][\/vc_column][\/vc_row][vc_row fullwidth=&#8221;yes&#8221; overlay=&#8221;no&#8221;][vc_column title=&#8221;&#8221; wap_id=&#8221;&#8221; column_effect=&#8221;bottommove&#8221;][vc_column_text css=&#8221;.vc_custom_1741767662533{padding-top: 40px !important;padding-right: 20% !important;padding-left: 20% !important;}&#8221;]Im Moment nutzen mehr als <span class=\"counter-facts\" style=\"font-weight: 600; font-size: 20px;\">96000<\/span> Studierende unsere OpenOLAT-Installation. Hiervon sind \u00fcber <span class=\"counter-facts\" style=\"font-weight: 600; font-size: 20px;\">9000<\/span> Autor*innen, die vielf\u00e4ltige Online-Kurse betreuen. Insgesamt gibt es fast <span class=\"counter-facts\" style=\"font-weight: 600; font-size: 20px;\">15000<\/span> aktive Kurse.<br \/>\nAuch unser Panopto-Videoserver ist ein sehr gefragtes Angebot. Hier k\u00f6nnen sich die <span class=\"counter-facts\" style=\"font-weight: 600; font-size: 20px;\">115.000<\/span> angemeldeten User*innen \u00fcber <span class=\"counter-facts\" style=\"font-weight: 600; font-size: 20px;\">265.000<\/span> Videos anschauen. Bisher wurden so weit mehr als 6,2 Millionen Stunden Lehrvideos gesehen.[\/vc_column_text][\/vc_column][\/vc_row][vc_row extra_id=&#8221;fotogalerie&#8221; fullwidth=&#8221;yes&#8221; overlay=&#8221;no&#8221; css=&#8221;.vc_custom_1602762502090{padding-top: 120px !important;padding-bottom: 20px !important;background-color: #f2f4f6 !important;}&#8221;][vc_column wap_class=&#8221;section-title&#8221; column_effect=&#8221;bottommove&#8221;][vc_text_separator title=&#8221;Ein paar Eindr\u00fccke aus unserer Arbeit&#8221;][vc_column_text css=&#8221;&#8221;][vc_gallery interval=&#8221;0&#8243; images=&#8221;895,847,821,822,753,757,767,755,783,824,738,739,830,831,736,735,832,921,754,922,923&#8243; img_size=&#8221;full&#8221; onclick=&#8221;&#8221; el_class=&#8221;zwanzigjahre-fotogalerie&#8221; css=&#8221;.vc_custom_1608738745362{margin-top: 50px !important;}&#8221;][\/vc_column_text][\/vc_column][\/vc_row][vc_row extra_id=&#8221;geschichte&#8221; fullwidth=&#8221;yes&#8221; overlay=&#8221;no&#8221; css=&#8221;.vc_custom_1601997030581{padding-bottom: 120px !important;background-color: #f2f4f6 !important;}&#8221;][vc_column wap_class=&#8221;section-title&#8221; column_effect=&#8221;bottommove&#8221;][vc_text_separator title=&#8221;Die Geschichte des VCRP&#8221;][vc_column_text][vc_column_text css=&#8221;.vc_custom_1603102391782{margin-top: 50px !important;}&#8221;]<div class=\"h5p-iframe-wrapper\"><iframe id=\"h5p-iframe-1\" class=\"h5p-iframe\" data-content-id=\"1\" style=\"height:1px\" src=\"about:blank\" frameBorder=\"0\" scrolling=\"no\" title=\"VCRP Zeitleiste\"><\/iframe><\/div>[\/vc_column_text][\/vc_column][\/vc_row]<\/p>\n<\/div>","protected":false},"excerpt":{"rendered":"<p>[vc_row extra_id=&#8221;begruessung&#8221; overlay=&#8221;no&#8221; css=&#8221;.vc_custom_1597660413790{padding-top: 120px !important;padding-bottom: 120px !important;background-color: #f2f4f6 !important;}&#8221;][vc_column width=&#8221;1\/2&#8243; wap_class=&#8221;section-title&#8221; column_effect=&#8221;bottommove&#8221;][vc_column_text css=&#8221;&#8221;] Seit \u00fcber 25 Jahren steht der VCRP f\u00fcr Service und Support, Weiterbildung, Vernetzung sowie f\u00fcr Innovationsentwicklung und Forschung im Bereich digitaler Hochschullehre. Damit ist er eine der erfahrensten hochschul\u00fcbergreifenden Einrichtungen in Deutschland auf diesem Gebiet. Der VCRP kann auf zahlreiche erfolgreiche [&hellip;]<\/p>\n","protected":false},"author":1,"featured_media":0,"parent":0,"menu_order":0,"comment_status":"closed","ping_status":"open","template":"page-templates\/template-canvas.php","meta":{"footnotes":""},"class_list":["post-463","page","type-page","status-publish","hentry"],"_links":{"self":[{"href":"https:\/\/historie.vcrp.de\/index.php?rest_route=\/wp\/v2\/pages\/463","targetHints":{"allow":["GET"]}}],"collection":[{"href":"https:\/\/historie.vcrp.de\/index.php?rest_route=\/wp\/v2\/pages"}],"about":[{"href":"https:\/\/historie.vcrp.de\/index.php?rest_route=\/wp\/v2\/types\/page"}],"author":[{"embeddable":true,"href":"https:\/\/historie.vcrp.de\/index.php?rest_route=\/wp\/v2\/users\/1"}],"replies":[{"embeddable":true,"href":"https:\/\/historie.vcrp.de\/index.php?rest_route=%2Fwp%2Fv2%2Fcomments&post=463"}],"version-history":[{"count":118,"href":"https:\/\/historie.vcrp.de\/index.php?rest_route=\/wp\/v2\/pages\/463\/revisions"}],"predecessor-version":[{"id":935,"href":"https:\/\/historie.vcrp.de\/index.php?rest_route=\/wp\/v2\/pages\/463\/revisions\/935"}],"wp:attachment":[{"href":"https:\/\/historie.vcrp.de\/index.php?rest_route=%2Fwp%2Fv2%2Fmedia&parent=463"}],"curies":[{"name":"wp","href":"https:\/\/api.w.org\/{rel}","templated":true}]}}